{"id":2,"date":"2016-05-10T03:48:21","date_gmt":"2016-05-10T03:48:21","guid":{"rendered":"http:\/\/hauselisabeth-amrum.de\/?page_id=2"},"modified":"2023-10-26T13:00:08","modified_gmt":"2023-10-26T13:00:08","slug":"sample-page","status":"publish","type":"page","link":"https:\/\/hauselisabeth-amrum.de\/","title":{"rendered":"Startseite"},"content":{"rendered":"<p>[et_pb_section fb_built=&#8220;1&#8243; fullwidth=&#8220;on&#8220; _builder_version=&#8220;4.16&#8243; global_colors_info=&#8220;{}&#8220;][et_pb_fullwidth_image src=&#8220;http:\/\/hauselisabeth-amrum.de\/wp-content\/uploads\/2019\/11\/Headder-1.jpg&#8220; _builder_version=&#8220;4.16&#8243; global_colors_info=&#8220;{}&#8220;][\/et_pb_fullwidth_image][\/et_pb_section][et_pb_section fb_built=&#8220;1&#8243; fullwidth=&#8220;on&#8220; _builder_version=&#8220;4.16&#8243; global_colors_info=&#8220;{}&#8220;][et_pb_fullwidth_slider _builder_version=&#8220;4.16&#8243; animation_style=&#8220;fade&#8220; animation_duration=&#8220;1600ms&#8220; auto=&#8220;on&#8220; auto_ignore_hover=&#8220;on&#8220; global_colors_info=&#8220;{}&#8220;][et_pb_slide _builder_version=&#8220;4.16&#8243; background_image=&#8220;http:\/\/hauselisabeth-amrum.de\/wp-content\/uploads\/2019\/11\/IMG_5525-3.jpg&#8220; background_enable_image=&#8220;on&#8220; global_colors_info=&#8220;{}&#8220; sticky_transition=&#8220;on&#8220;][\/et_pb_slide][et_pb_slide _builder_version=&#8220;4.16&#8243; background_image=&#8220;http:\/\/hauselisabeth-amrum.de\/wp-content\/uploads\/2019\/11\/IMG_5520-3.jpg&#8220; background_enable_image=&#8220;on&#8220; global_colors_info=&#8220;{}&#8220; sticky_transition=&#8220;on&#8220;][\/et_pb_slide][et_pb_slide _builder_version=&#8220;4.16&#8243; background_image=&#8220;http:\/\/hauselisabeth-amrum.de\/wp-content\/uploads\/2019\/11\/IMG_5518-3.jpg&#8220; background_enable_image=&#8220;on&#8220; global_colors_info=&#8220;{}&#8220; sticky_transition=&#8220;on&#8220;][\/et_pb_slide][\/et_pb_fullwidth_slider][\/et_pb_section][et_pb_section fb_built=&#8220;1&#8243; _builder_version=&#8220;4.16&#8243; global_colors_info=&#8220;{}&#8220;][et_pb_row _builder_version=&#8220;4.16&#8243; background_size=&#8220;initial&#8220; background_position=&#8220;top_left&#8220; background_repeat=&#8220;repeat&#8220; custom_padding=&#8220;0px|||||&#8220; global_colors_info=&#8220;{}&#8220;][et_pb_column type=&#8220;4_4&#8243; _builder_version=&#8220;4.16&#8243; custom_padding=&#8220;|||&#8220; global_colors_info=&#8220;{}&#8220; custom_padding__hover=&#8220;|||&#8220;][et_pb_text _builder_version=&#8220;4.21.0&#8243; background_size=&#8220;initial&#8220; background_position=&#8220;top_left&#8220; background_repeat=&#8220;repeat&#8220; global_colors_info=&#8220;{}&#8220;]<\/p>\n<p><span><\/span><\/p>\n<h3><span>Herzlich Willkommen<o:p><\/o:p><\/span><\/h3>\n<p><span><\/span><\/p>\n<p><span style=\"color: #ff0000;\">Auf Grund von Unklarheiten im Bebauungsplan darf ich meine Wohnungen ab Januar 2024 <\/span><span style=\"color: #ff0000;\">bis auf weiteres nicht mehr an G\u00e4ste vermieten!\u00a0<\/span><\/p>\n<p><span style=\"color: #ff0000;\"><span style=\"caret-color: #ff0000;\">Sobald sich diese Situation kl\u00e4rt beziehungsweise wieder ver\u00e4ndert, \u00a0freue ich mich nat\u00fcrlich, sie wieder als G\u00e4ste begr\u00fc\u00dfen zu k\u00f6nnen. <\/span><\/span><\/p>\n<p><span style=\"color: #ff0000;\"><span style=\"caret-color: #ff0000;\">Ihre Konny Johannsen<\/span><\/span><\/p>\n<p><span>\u00a0<o:p><\/o:p><\/span><\/p>\n<p><span>Im Haus Elisabeth stehen Ihnen vier liebevoll eingerichtete Nichtraucher Ferienwohnungen f\u00fcr jeweils 2 Personen zur Verf\u00fcgung.<span class=\"apple-converted-space\">\u00a0<\/span><o:p><\/o:p><\/span><\/p>\n<p><span>Unser Haus liegt in ruhiger Lage am Ortsrand von Nebel.<span class=\"apple-converted-space\">\u00a0<\/span><o:p><\/o:p><\/span><\/p>\n<p><span>Von hier aus sind es nur ein paar Minuten Fu\u00dfweg zum historischen Ortskern.<o:p><\/o:p><\/span><\/p>\n<p><span>Dort finden Sie verschiedene Einkaufsm\u00f6glichkeiten, Caf\u00e9s und Restaurants.<span class=\"apple-converted-space\">\u00a0<\/span><o:p><\/o:p><\/span><\/p>\n<p><span>An den gr\u00f6\u00dften zusammenh\u00e4ngenden Sandstrand Europas gelangen Sie mit einem kleinen Fu\u00dfmarsch durch den Amrumer Wald.<span class=\"apple-converted-space\">\u00a0<\/span><o:p><\/o:p><\/span><\/p>\n<p><span>\u00a0<o:p><\/o:p><\/span><\/p>\n<p><span>Sehen Sie sich doch auf unseren Seiten um und kontaktieren Sie mich gerne bei Interesse!<o:p><\/o:p><\/span><\/p>\n<p>&nbsp;<\/p>\n<p>[\/et_pb_text][\/et_pb_column][\/et_pb_row][\/et_pb_section]<\/p>\n","protected":false},"excerpt":{"rendered":"<p>Herzlich Willkommen Auf Grund von Unklarheiten im Bebauungsplan darf ich meine Wohnungen ab Januar 2024 bis auf weiteres nicht mehr an G\u00e4ste vermieten!\u00a0 Sobald sich diese Situation kl\u00e4rt beziehungsweise wieder ver\u00e4ndert, \u00a0freue ich mich nat\u00fcrlich, sie wieder als G\u00e4ste begr\u00fc\u00dfen zu k\u00f6nnen. Ihre Konny Johannsen \u00a0 Im Haus Elisabeth stehen Ihnen vier liebevoll eingerichtete Nichtraucher [&hellip;]<\/p>\n","protected":false},"author":1,"featured_media":0,"parent":0,"menu_order":0,"comment_status":"closed","ping_status":"closed","template":"","meta":{"_et_pb_use_builder":"on","_et_pb_old_content":"This is an example page. It's different from a blog post because it will stay in one place and will show up in your site navigation (in most themes). Most people start with an About page that introduces them to potential site visitors. It might say something like this:\n<blockquote>Hi there! I'm a bike messenger by day, aspiring actor by night, and this is my website. I live in Los Angeles, have a great dog named Jack, and I like pi\u00f1a coladas. (And gettin' caught in the rain.)<\/blockquote>\n...or something like this:\n<blockquote>The XYZ Doohickey Company was founded in 1971, and has been providing quality doohickeys to the public ever since. Located in Gotham City, XYZ employs over 2,000 people and does all kinds of awesome things for the Gotham community.<\/blockquote>\nAs a new WordPress user, you should go to <a href=\"http:\/\/hauselisabeth-amrum.de\/wp-admin\/\">your dashboard<\/a> to delete this page and create new pages for your content. Have fun!","_et_gb_content_width":""},"_links":{"self":[{"href":"https:\/\/hauselisabeth-amrum.de\/index.php?rest_route=\/wp\/v2\/pages\/2"}],"collection":[{"href":"https:\/\/hauselisabeth-amrum.de\/index.php?rest_route=\/wp\/v2\/pages"}],"about":[{"href":"https:\/\/hauselisabeth-amrum.de\/index.php?rest_route=\/wp\/v2\/types\/page"}],"author":[{"embeddable":true,"href":"https:\/\/hauselisabeth-amrum.de\/index.php?rest_route=\/wp\/v2\/users\/1"}],"replies":[{"embeddable":true,"href":"https:\/\/hauselisabeth-amrum.de\/index.php?rest_route=%2Fwp%2Fv2%2Fcomments&post=2"}],"version-history":[{"count":14,"href":"https:\/\/hauselisabeth-amrum.de\/index.php?rest_route=\/wp\/v2\/pages\/2\/revisions"}],"predecessor-version":[{"id":212,"href":"https:\/\/hauselisabeth-amrum.de\/index.php?rest_route=\/wp\/v2\/pages\/2\/revisions\/212"}],"wp:attachment":[{"href":"https:\/\/hauselisabeth-amrum.de\/index.php?rest_route=%2Fwp%2Fv2%2Fmedia&parent=2"}],"curies":[{"name":"wp","href":"https:\/\/api.w.org\/{rel}","templated":true}]}}